{"id":484,"date":"2022-02-24T09:04:16","date_gmt":"2022-02-24T09:04:16","guid":{"rendered":"https:\/\/www.narraajan.fi\/?page_id=484"},"modified":"2025-01-27T09:07:47","modified_gmt":"2025-01-27T09:07:47","slug":"snautseri","status":"publish","type":"page","link":"https:\/\/www.narraajan.fi\/index.php\/snautseri\/","title":{"rendered":"Snautseri"},"content":{"rendered":"\t\t<div data-elementor-type=\"wp-page\" data-elementor-id=\"484\" class=\"elementor elementor-484\">\n\t\t\t\t\t\t<section class=\"elementor-section elementor-top-section elementor-element elementor-element-f200312 elementor-section-boxed elementor-section-height-default elementor-section-height-default\" data-id=\"f200312\" data-element_type=\"section\" data-e-type=\"section\">\n\t\t\t\t\t\t<div class=\"elementor-container elementor-column-gap-default\">\n\t\t\t\t\t<div class=\"elementor-column elementor-col-100 elementor-top-column elementor-element elementor-element-3a326d0\" data-id=\"3a326d0\" data-element_type=\"column\" data-e-type=\"column\">\n\t\t\t<div class=\"elementor-widget-wrap elementor-element-populated\">\n\t\t\t\t\t\t<div class=\"elementor-element elementor-element-32c92e9 elementor-widget elementor-widget-image\" data-id=\"32c92e9\" data-element_type=\"widget\" data-e-type=\"widget\" data-widget_type=\"image.default\">\n\t\t\t\t<div class=\"elementor-widget-container\">\n\t\t\t\t\t\t\t\t\t\t\t\t\t\t\t<img fetchpriority=\"high\" decoding=\"async\" width=\"700\" height=\"466\" src=\"https:\/\/www.narraajan.fi\/wp-content\/uploads\/2022\/02\/29092020-9683-1.jpg\" class=\"attachment-large size-large wp-image-486\" alt=\"\" srcset=\"https:\/\/www.narraajan.fi\/wp-content\/uploads\/2022\/02\/29092020-9683-1.jpg 700w, https:\/\/www.narraajan.fi\/wp-content\/uploads\/2022\/02\/29092020-9683-1-300x200.jpg 300w\" sizes=\"(max-width: 700px) 100vw, 700px\" \/>\t\t\t\t\t\t\t\t\t\t\t\t\t\t\t<\/div>\n\t\t\t\t<\/div>\n\t\t\t\t\t<\/div>\n\t\t<\/div>\n\t\t\t\t\t<\/div>\n\t\t<\/section>\n\t\t\t\t<section class=\"elementor-section elementor-top-section elementor-element elementor-element-b49f24f elementor-section-boxed elementor-section-height-default elementor-section-height-default\" data-id=\"b49f24f\" data-element_type=\"section\" data-e-type=\"section\">\n\t\t\t\t\t\t<div class=\"elementor-container elementor-column-gap-default\">\n\t\t\t\t\t<div class=\"elementor-column elementor-col-100 elementor-top-column elementor-element elementor-element-4c4b2d6\" data-id=\"4c4b2d6\" data-element_type=\"column\" data-e-type=\"column\">\n\t\t\t<div class=\"elementor-widget-wrap\">\n\t\t\t\t\t\t\t<\/div>\n\t\t<\/div>\n\t\t\t\t\t<\/div>\n\t\t<\/section>\n\t\t\t\t<section class=\"elementor-section elementor-top-section elementor-element elementor-element-6c0fbf2 elementor-section-boxed elementor-section-height-default elementor-section-height-default\" data-id=\"6c0fbf2\" data-element_type=\"section\" data-e-type=\"section\">\n\t\t\t\t\t\t<div class=\"elementor-container elementor-column-gap-default\">\n\t\t\t\t\t<div class=\"elementor-column elementor-col-100 elementor-top-column elementor-element elementor-element-ed5c2c6\" data-id=\"ed5c2c6\" data-element_type=\"column\" data-e-type=\"column\">\n\t\t\t<div class=\"elementor-widget-wrap elementor-element-populated\">\n\t\t\t\t\t\t<div class=\"elementor-element elementor-element-305eb36 elementor-widget elementor-widget-text-editor\" data-id=\"305eb36\" data-element_type=\"widget\" data-e-type=\"widget\" data-widget_type=\"text-editor.default\">\n\t\t\t\t<div class=\"elementor-widget-container\">\n\t\t\t\t\t\t\t\t\t<p>Snautseri on alun perin jalostettu rotta- ja vahtikoiraksi. Sen sukujuuret juontuvat Etel\u00e4-Saksan alueelta, jossa snautsereita on pidetty tallikoirina. Ne ovat vaanineet innokkaasti jyrsij\u00f6it\u00e4 ja tappaneet ne silm\u00e4nr\u00e4p\u00e4yksess\u00e4. T\u00e4m\u00e4n vuoksi snautseria on kutsuttu kansanomaisesti rattleriksi, rotanpyyt\u00e4j\u00e4ksi. Snautseri on valpas, ymp\u00e4rist\u00f6\u00e4\u00e4n tarkkaileva ja nopean reaktiokyvyn omaava koira. Sohvan koristeeksi snautseria ei ole koskaan luotu, eik\u00e4 siit\u00e4 pid\u00e4 sellaista koskaan yritt\u00e4\u00e4 tehd\u00e4k\u00e4\u00e4n.<\/p><p>Snautseri ei ole mik\u00e4\u00e4n n\u00f6yr\u00e4 ihmisen mieliksi tekev\u00e4 palveluskoira, vaikka sill\u00e4 osallistumisoikeus palveluskoirakokeisiin onkin. Ennemminkin kuvailisin snautseria j\u00e4\u00e4r\u00e4p\u00e4iseksi kaveriksi, jolla ei ole miellytt\u00e4misen tarvetta eik\u00e4 halua. Se tekee kyll\u00e4 paljon asioita, mutta mielell\u00e4\u00e4n omalla laillaan. Snautseri on eritt\u00e4in aktiivinen koira, varsinkin pari ensimm\u00e4ist\u00e4 vuotta se vaatii paljon touhuamista omistajansa kanssa. Se haluaa osallistua kaikkeen toimintaan ja jos ei sille ole tarjota mielek\u00e4st\u00e4 puuhaa, se keksii sit\u00e4 kyll\u00e4 itse. Snautseri on kokoonsa n\u00e4hden vahva, se ei ole mik\u00e4\u00e4n pienten lasten ulkoilutettava korttelinkiertokoira. My\u00f6s vanhemman tai muutoin fyysisesti heikomman omistajan voi olla hankala sit\u00e4 aina hallita. Silti snautseri on eritt\u00e4in lapsirakas ja tulee yleens\u00e4 mainiosti toimeen perheen pienempien kanssa, kunhan tilannetta johtaa aina aikuinen ihminen.<\/p><p>Snautseri on siis alkujaan my\u00f6s vahtikoira ja t\u00e4m\u00e4 n\u00e4kyy nykyistenkin koirien luonteessa. Snautseri ilmoittaa vieraat tulijat joskus \u00e4\u00e4nekk\u00e4\u00e4ll\u00e4kin tavalla. Se on yhden perheen koira eik\u00e4 ole kaikkien vieraiden kaveriksi suin p\u00e4in alkamassa. Se on omistajilleen eritt\u00e4in uskollinen ja seisoo omistajansa rinnalla uupumatta. Sosiaalistaminen on erityisen t\u00e4rke\u00e4\u00e4 heti nuoresta i\u00e4st\u00e4 l\u00e4htien ja snautserille t\u00e4ytyy olla paljon aikaa, etenkin sen ollessa nuori. Snautserin kanssa tulee olla johdonmukainen eik\u00e4 sen voi antaa miss\u00e4\u00e4n vaiheessa ottaa ns. ohjia omiin k\u00e4siins\u00e4, sill\u00e4 silloin voit j\u00e4\u00e4d\u00e4 helposti toiseksi. Itsetietoinen ja \u00e4lyk\u00e4s snautseri on taipuvainen dominoimaan ja komentamaan, jos siit\u00e4 tuntuu ettei omistajalla ole tilanne hallussa. Omia ihmisi\u00e4\u00e4n rakastava koira haluaa viett\u00e4\u00e4 aikaansa heid\u00e4n kanssaan yhdess\u00e4, snautserista ei miss\u00e4\u00e4n nimess\u00e4 ole tarhakoiraksi eik\u00e4 se viihdy pitki\u00e4 aikoja yksin\u00e4\u00e4n edes aidatulla pihalla.<\/p><p>Snautseri on aktiivisen ihmisen koira. Se jaksaa lenkkeill\u00e4 loputtomiin ja se on aina valmis l\u00e4htem\u00e4\u00e4n. Sen kanssa voi harrastaa melkeinp\u00e4 mit\u00e4 tahansa lajia, vaikkakaan ei ehk\u00e4 ihan siell\u00e4 huipulla asti. Se on s\u00e4\u00e4nkest\u00e4v\u00e4 ja n\u00e4pp\u00e4r\u00e4n kokonsa vuoksi helposti mukana kulkeva. Pelk\u00e4ll\u00e4 liikunnalla ei kuitenkaan varsinkaan nuoren koiran energiaa saa purettua, vaan se vaatii my\u00f6s ns. aivoty\u00f6skentely\u00e4. T\u00e4m\u00e4 voi olla ihan mit\u00e4 tahansa eri harrastuslajeista kotona suoritettaviin pieniin teht\u00e4viin asti. Huumorintajua snautseri monesti koettelee, mutta kun sen kanssa p\u00e4\u00e4see tavoitteeseen, se palkitsee moninkertaisesti koetun vaivan.<\/p><p>Snautseri on verrattain terve rotu. Se on pitk\u00e4ik\u00e4inen ja s\u00e4ilytt\u00e4\u00e4 terveytens\u00e4 yleens\u00e4 vanhaksi saakka. Tavatonta ei ole ollenkaan, ett\u00e4 snautseri vierailee el\u00e4inl\u00e4\u00e4k\u00e4rin vastaanotolla ainoastaan rokotuksilla ja terveystarkastuksissa. Lonkkadysplasiaa esiintyy jonkin verran, keskim\u00e4\u00e4rin noin 35 %:lla kuvatuista koirista. Kyyn\u00e4rniveliss\u00e4 poikkeamia on ainoastaan muutamalla prosentilla tutkituista koirista, samoin kuin muutoksia sel\u00e4ss\u00e4. Lis\u00e4ksi esiintyy ihan satunnaisesti kilpirauhasen vajaatoimintaa, allergiaa, herkk\u00e4vatsaisuutta,\u00a0 varvasongelmia sairastavia yksil\u00f6it\u00e4. Silm\u00e4sairauksia snautsereilla esiintyy jonkin verran (muutama prosentti tutkituista), mutta ne harvoin sokeuttavat koiraa tai haittaavat muutoin sen el\u00e4m\u00e4\u00e4.<\/p><p>Snautseri on trimmattava rotu, ja sen karvan kunnossapito vaatii jonkin verran viitseli\u00e4isyytt\u00e4. Sen karva tulee nyppi\u00e4 muutaman kuukauden v\u00e4lein (v\u00e4hint\u00e4\u00e4n kaksi kertaa vuodessa) ja jollei omistaja pysty sit\u00e4 tekem\u00e4\u00e4n itse, koira tulee k\u00e4ytt\u00e4\u00e4 ammattitaitoisella trimmaajalla. Snautserin rodunomainen karva on sellainen, ett\u00e4 se voidaan my\u00f6s pit\u00e4\u00e4 aina n\u00e4yttelykunnossa. Se tapahtuu karvaa kierr\u00e4tt\u00e4m\u00e4ll\u00e4 (&#8221;rullaamalla&#8221;) eli nyppim\u00e4ll\u00e4 sit\u00e4 muutaman viikon v\u00e4lein. Lis\u00e4ksi koira tulee siisti\u00e4 n\u00e4yttelyit\u00e4 varten (trimmauskoneella ja trimmaussaksilla) noin viikkoa ennen n\u00e4yttely\u00e4. Snautserin karva ei kaipaa pesua kuin ainoastaan likaantuessaan, sen partaa ja jalkakarvoja joutuu tietysti pesem\u00e4\u00e4n v\u00e4h\u00e4n useammin.<\/p><p>Snautseri on siis \u00e4lyns\u00e4, kest\u00e4vyytens\u00e4 ja sitkeytens\u00e4 ansiosta erinomainen perhekoira.\u00a0 Se saattaa silti omap\u00e4isyydell\u00e4\u00e4n yll\u00e4tt\u00e4\u00e4 kokeneenkin koiraharrastajan. Laiskan ihmisen koira se ei ole. Silti harva, joka kerran snautserin ottaa, voi kuvitella rotua koskaan vaihtavansa. Sen, kuten yleens\u00e4kin koiran, ottamista tulee silti aina harkita huolellisesti.<\/p>\t\t\t\t\t\t\t\t<\/div>\n\t\t\t\t<\/div>\n\t\t\t\t\t<\/div>\n\t\t<\/div>\n\t\t\t\t\t<\/div>\n\t\t<\/section>\n\t\t\t\t<section class=\"elementor-section elementor-top-section elementor-element elementor-element-1122268 elementor-section-boxed elementor-section-height-default elementor-section-height-default\" data-id=\"1122268\" data-element_type=\"section\" data-e-type=\"section\">\n\t\t\t\t\t\t<div class=\"elementor-container elementor-column-gap-default\">\n\t\t\t\t\t<div class=\"elementor-column elementor-col-50 elementor-top-column elementor-element elementor-element-e68ac7c\" data-id=\"e68ac7c\" data-element_type=\"column\" data-e-type=\"column\">\n\t\t\t<div class=\"elementor-widget-wrap elementor-element-populated\">\n\t\t\t\t\t\t<div class=\"elementor-element elementor-element-750f19f elementor-widget elementor-widget-text-editor\" data-id=\"750f19f\" data-element_type=\"widget\" data-e-type=\"widget\" data-widget_type=\"text-editor.default\">\n\t\t\t\t<div class=\"elementor-widget-container\">\n\t\t\t\t\t\t\t\t\t<p><a href=\"https:\/\/www.kennelliitto.fi\/files\/snautseri-0\" target=\"_blank\" rel=\"noopener\">Snautserin rotum\u00e4\u00e4ritelm\u00e4<\/a><\/p><p><a href=\"https:\/\/jalostus.kennelliitto.fi\/RotuPDF.ashx?R=182.2&amp;T=2\" target=\"_blank\" rel=\"noopener\">Snautserien jalostuksen tavoiteohjelma<\/a><\/p><p><a href=\"https:\/\/ssnk.fi\/\" target=\"_blank\" rel=\"noopener\">Suomen Snautserikerho ry<\/a><\/p><p><a href=\"https:\/\/ssnk.fi\/snautseri\/pentulista\/\" target=\"_blank\" rel=\"noopener\">Snautserien pentulista<\/a><\/p><p><a href=\"https:\/\/ssnk.fi\/snautseri\/snautserikasvattajat\/\" target=\"_blank\" rel=\"noopener\">Suomen snautserikasvattajat<\/a><\/p>\t\t\t\t\t\t\t\t<\/div>\n\t\t\t\t<\/div>\n\t\t\t\t\t<\/div>\n\t\t<\/div>\n\t\t\t\t<div class=\"elementor-column elementor-col-50 elementor-top-column elementor-element elementor-element-8b698af\" data-id=\"8b698af\" data-element_type=\"column\" data-e-type=\"column\">\n\t\t\t<div class=\"elementor-widget-wrap elementor-element-populated\">\n\t\t\t\t\t\t<div class=\"elementor-element elementor-element-b8ae1d6 elementor-widget elementor-widget-image\" data-id=\"b8ae1d6\" data-element_type=\"widget\" data-e-type=\"widget\" data-widget_type=\"image.default\">\n\t\t\t\t<div class=\"elementor-widget-container\">\n\t\t\t\t\t\t\t\t\t\t\t\t\t\t\t<img decoding=\"async\" width=\"800\" height=\"600\" src=\"https:\/\/www.narraajan.fi\/wp-content\/uploads\/2022\/03\/08EA8ACF-64AC-45AF-A1FA-889B5BC10F59-scaled-e1646124984231.jpeg\" class=\"attachment-full size-full wp-image-1204\" alt=\"narraajan pennut\" \/>\t\t\t\t\t\t\t\t\t\t\t\t\t\t\t<\/div>\n\t\t\t\t<\/div>\n\t\t\t\t\t<\/div>\n\t\t<\/div>\n\t\t\t\t\t<\/div>\n\t\t<\/section>\n\t\t\t\t<\/div>\n\t\t","protected":false},"excerpt":{"rendered":"<p>Snautseri on alun perin jalostettu rotta- ja vahtikoiraksi. Sen sukujuuret juontuvat Etel\u00e4-Saksan alueelta, jossa snautsereita on pidetty tallikoirina. Ne ovat vaanineet innokkaasti jyrsij\u00f6it\u00e4 ja tappaneet ne silm\u00e4nr\u00e4p\u00e4yksess\u00e4. T\u00e4m\u00e4n vuoksi snautseria on kutsuttu kansanomaisesti rattleriksi, rotanpyyt\u00e4j\u00e4ksi. Snautseri on valpas, ymp\u00e4rist\u00f6\u00e4\u00e4n tarkkaileva ja nopean reaktiokyvyn omaava koira. Sohvan koristeeksi snautseria ei ole koskaan luotu, eik\u00e4 siit\u00e4 pid\u00e4 &#8230; <a title=\"Snautseri\" class=\"read-more\" href=\"https:\/\/www.narraajan.fi\/index.php\/snautseri\/\" aria-label=\"Lue lis\u00e4\u00e4 aiheesta Snautseri\">Lue lis\u00e4\u00e4<\/a><\/p>\n","protected":false},"author":1,"featured_media":0,"parent":0,"menu_order":5,"comment_status":"closed","ping_status":"closed","template":"","meta":{"footnotes":""},"class_list":["post-484","page","type-page","status-publish"],"yoast_head":"<!-- This site is optimized with the Yoast SEO plugin v27.3 - https:\/\/yoast.com\/product\/yoast-seo-wordpress\/ -->\n<title>Snautseri - Narraajan<\/title>\n<meta name=\"robots\" content=\"index, follow, max-snippet:-1, max-image-preview:large, max-video-preview:-1\" \/>\n<link rel=\"canonical\" href=\"https:\/\/www.narraajan.fi\/index.php\/snautseri\/\" \/>\n<meta property=\"og:locale\" content=\"fi_FI\" \/>\n<meta property=\"og:type\" content=\"article\" \/>\n<meta property=\"og:title\" content=\"Snautseri - Narraajan\" \/>\n<meta property=\"og:description\" content=\"Snautseri on alun perin jalostettu rotta- ja vahtikoiraksi. Sen sukujuuret juontuvat Etel\u00e4-Saksan alueelta, jossa snautsereita on pidetty tallikoirina. Ne ovat vaanineet innokkaasti jyrsij\u00f6it\u00e4 ja tappaneet ne silm\u00e4nr\u00e4p\u00e4yksess\u00e4. T\u00e4m\u00e4n vuoksi snautseria on kutsuttu kansanomaisesti rattleriksi, rotanpyyt\u00e4j\u00e4ksi. Snautseri on valpas, ymp\u00e4rist\u00f6\u00e4\u00e4n tarkkaileva ja nopean reaktiokyvyn omaava koira. Sohvan koristeeksi snautseria ei ole koskaan luotu, eik\u00e4 siit\u00e4 pid\u00e4 ... Lue lis\u00e4\u00e4\" \/>\n<meta property=\"og:url\" content=\"https:\/\/www.narraajan.fi\/index.php\/snautseri\/\" \/>\n<meta property=\"og:site_name\" content=\"Narraajan\" \/>\n<meta property=\"article:publisher\" content=\"https:\/\/www.facebook.com\/Narraajan\" \/>\n<meta property=\"article:modified_time\" content=\"2025-01-27T09:07:47+00:00\" \/>\n<meta property=\"og:image\" content=\"https:\/\/www.narraajan.fi\/wp-content\/uploads\/2022\/02\/29092020-9683-1.jpg\" \/>\n<meta name=\"twitter:card\" content=\"summary_large_image\" \/>\n<meta name=\"twitter:label1\" content=\"Arvioitu lukuaika\" \/>\n\t<meta name=\"twitter:data1\" content=\"5 minuuttia\" \/>\n<script type=\"application\/ld+json\" class=\"yoast-schema-graph\">{\"@context\":\"https:\\\/\\\/schema.org\",\"@graph\":[{\"@type\":\"WebPage\",\"@id\":\"https:\\\/\\\/www.narraajan.fi\\\/index.php\\\/snautseri\\\/\",\"url\":\"https:\\\/\\\/www.narraajan.fi\\\/index.php\\\/snautseri\\\/\",\"name\":\"Snautseri - Narraajan\",\"isPartOf\":{\"@id\":\"https:\\\/\\\/www.narraajan.fi\\\/#website\"},\"primaryImageOfPage\":{\"@id\":\"https:\\\/\\\/www.narraajan.fi\\\/index.php\\\/snautseri\\\/#primaryimage\"},\"image\":{\"@id\":\"https:\\\/\\\/www.narraajan.fi\\\/index.php\\\/snautseri\\\/#primaryimage\"},\"thumbnailUrl\":\"https:\\\/\\\/www.narraajan.fi\\\/wp-content\\\/uploads\\\/2022\\\/02\\\/29092020-9683-1.jpg\",\"datePublished\":\"2022-02-24T09:04:16+00:00\",\"dateModified\":\"2025-01-27T09:07:47+00:00\",\"breadcrumb\":{\"@id\":\"https:\\\/\\\/www.narraajan.fi\\\/index.php\\\/snautseri\\\/#breadcrumb\"},\"inLanguage\":\"fi\",\"potentialAction\":[{\"@type\":\"ReadAction\",\"target\":[\"https:\\\/\\\/www.narraajan.fi\\\/index.php\\\/snautseri\\\/\"]}]},{\"@type\":\"ImageObject\",\"inLanguage\":\"fi\",\"@id\":\"https:\\\/\\\/www.narraajan.fi\\\/index.php\\\/snautseri\\\/#primaryimage\",\"url\":\"https:\\\/\\\/www.narraajan.fi\\\/wp-content\\\/uploads\\\/2022\\\/02\\\/29092020-9683-1.jpg\",\"contentUrl\":\"https:\\\/\\\/www.narraajan.fi\\\/wp-content\\\/uploads\\\/2022\\\/02\\\/29092020-9683-1.jpg\",\"width\":700,\"height\":466},{\"@type\":\"BreadcrumbList\",\"@id\":\"https:\\\/\\\/www.narraajan.fi\\\/index.php\\\/snautseri\\\/#breadcrumb\",\"itemListElement\":[{\"@type\":\"ListItem\",\"position\":1,\"name\":\"Etusivu\",\"item\":\"https:\\\/\\\/www.narraajan.fi\\\/\"},{\"@type\":\"ListItem\",\"position\":2,\"name\":\"Snautseri\"}]},{\"@type\":\"WebSite\",\"@id\":\"https:\\\/\\\/www.narraajan.fi\\\/#website\",\"url\":\"https:\\\/\\\/www.narraajan.fi\\\/\",\"name\":\"Narraajan\",\"description\":\"\",\"potentialAction\":[{\"@type\":\"SearchAction\",\"target\":{\"@type\":\"EntryPoint\",\"urlTemplate\":\"https:\\\/\\\/www.narraajan.fi\\\/?s={search_term_string}\"},\"query-input\":{\"@type\":\"PropertyValueSpecification\",\"valueRequired\":true,\"valueName\":\"search_term_string\"}}],\"inLanguage\":\"fi\"}]}<\/script>\n<!-- \/ Yoast SEO plugin. -->","yoast_head_json":{"title":"Snautseri - Narraajan","robots":{"index":"index","follow":"follow","max-snippet":"max-snippet:-1","max-image-preview":"max-image-preview:large","max-video-preview":"max-video-preview:-1"},"canonical":"https:\/\/www.narraajan.fi\/index.php\/snautseri\/","og_locale":"fi_FI","og_type":"article","og_title":"Snautseri - Narraajan","og_description":"Snautseri on alun perin jalostettu rotta- ja vahtikoiraksi. Sen sukujuuret juontuvat Etel\u00e4-Saksan alueelta, jossa snautsereita on pidetty tallikoirina. Ne ovat vaanineet innokkaasti jyrsij\u00f6it\u00e4 ja tappaneet ne silm\u00e4nr\u00e4p\u00e4yksess\u00e4. T\u00e4m\u00e4n vuoksi snautseria on kutsuttu kansanomaisesti rattleriksi, rotanpyyt\u00e4j\u00e4ksi. Snautseri on valpas, ymp\u00e4rist\u00f6\u00e4\u00e4n tarkkaileva ja nopean reaktiokyvyn omaava koira. Sohvan koristeeksi snautseria ei ole koskaan luotu, eik\u00e4 siit\u00e4 pid\u00e4 ... Lue lis\u00e4\u00e4","og_url":"https:\/\/www.narraajan.fi\/index.php\/snautseri\/","og_site_name":"Narraajan","article_publisher":"https:\/\/www.facebook.com\/Narraajan","article_modified_time":"2025-01-27T09:07:47+00:00","og_image":[{"url":"https:\/\/www.narraajan.fi\/wp-content\/uploads\/2022\/02\/29092020-9683-1.jpg","type":"","width":"","height":""}],"twitter_card":"summary_large_image","twitter_misc":{"Arvioitu lukuaika":"5 minuuttia"},"schema":{"@context":"https:\/\/schema.org","@graph":[{"@type":"WebPage","@id":"https:\/\/www.narraajan.fi\/index.php\/snautseri\/","url":"https:\/\/www.narraajan.fi\/index.php\/snautseri\/","name":"Snautseri - Narraajan","isPartOf":{"@id":"https:\/\/www.narraajan.fi\/#website"},"primaryImageOfPage":{"@id":"https:\/\/www.narraajan.fi\/index.php\/snautseri\/#primaryimage"},"image":{"@id":"https:\/\/www.narraajan.fi\/index.php\/snautseri\/#primaryimage"},"thumbnailUrl":"https:\/\/www.narraajan.fi\/wp-content\/uploads\/2022\/02\/29092020-9683-1.jpg","datePublished":"2022-02-24T09:04:16+00:00","dateModified":"2025-01-27T09:07:47+00:00","breadcrumb":{"@id":"https:\/\/www.narraajan.fi\/index.php\/snautseri\/#breadcrumb"},"inLanguage":"fi","potentialAction":[{"@type":"ReadAction","target":["https:\/\/www.narraajan.fi\/index.php\/snautseri\/"]}]},{"@type":"ImageObject","inLanguage":"fi","@id":"https:\/\/www.narraajan.fi\/index.php\/snautseri\/#primaryimage","url":"https:\/\/www.narraajan.fi\/wp-content\/uploads\/2022\/02\/29092020-9683-1.jpg","contentUrl":"https:\/\/www.narraajan.fi\/wp-content\/uploads\/2022\/02\/29092020-9683-1.jpg","width":700,"height":466},{"@type":"BreadcrumbList","@id":"https:\/\/www.narraajan.fi\/index.php\/snautseri\/#breadcrumb","itemListElement":[{"@type":"ListItem","position":1,"name":"Etusivu","item":"https:\/\/www.narraajan.fi\/"},{"@type":"ListItem","position":2,"name":"Snautseri"}]},{"@type":"WebSite","@id":"https:\/\/www.narraajan.fi\/#website","url":"https:\/\/www.narraajan.fi\/","name":"Narraajan","description":"","potentialAction":[{"@type":"SearchAction","target":{"@type":"EntryPoint","urlTemplate":"https:\/\/www.narraajan.fi\/?s={search_term_string}"},"query-input":{"@type":"PropertyValueSpecification","valueRequired":true,"valueName":"search_term_string"}}],"inLanguage":"fi"}]}},"_links":{"self":[{"href":"https:\/\/www.narraajan.fi\/index.php\/wp-json\/wp\/v2\/pages\/484","targetHints":{"allow":["GET"]}}],"collection":[{"href":"https:\/\/www.narraajan.fi\/index.php\/wp-json\/wp\/v2\/pages"}],"about":[{"href":"https:\/\/www.narraajan.fi\/index.php\/wp-json\/wp\/v2\/types\/page"}],"author":[{"embeddable":true,"href":"https:\/\/www.narraajan.fi\/index.php\/wp-json\/wp\/v2\/users\/1"}],"replies":[{"embeddable":true,"href":"https:\/\/www.narraajan.fi\/index.php\/wp-json\/wp\/v2\/comments?post=484"}],"version-history":[{"count":16,"href":"https:\/\/www.narraajan.fi\/index.php\/wp-json\/wp\/v2\/pages\/484\/revisions"}],"predecessor-version":[{"id":3036,"href":"https:\/\/www.narraajan.fi\/index.php\/wp-json\/wp\/v2\/pages\/484\/revisions\/3036"}],"wp:attachment":[{"href":"https:\/\/www.narraajan.fi\/index.php\/wp-json\/wp\/v2\/media?parent=484"}],"curies":[{"name":"wp","href":"https:\/\/api.w.org\/{rel}","templated":true}]}}